{"id":6,"date":"2017-09-05T09:43:36","date_gmt":"2017-09-05T09:43:36","guid":{"rendered":"http:\/\/www.blabdesignfactory.it\/?page_id=6"},"modified":"2022-07-08T08:42:16","modified_gmt":"2022-07-08T08:42:16","slug":"accueil","status":"publish","type":"page","link":"https:\/\/www.blabdesignfactory.it\/fr\/","title":{"rendered":"Accueil"},"content":{"rendered":"<div id=\"pl-6\"  class=\"panel-layout\" ><div id=\"pg-6-0\"  class=\"panel-grid panel-has-style\" ><div class=\"bloc1 siteorigin-panels-stretch panel-row-style panel-row-style-for-6-0\" data-stretch-type=\"full\" ><div id=\"pgc-6-0-0\"  class=\"panel-grid-cell\" ><div id=\"panel-6-0-0-0\" class=\"so-panel widget widget_sow-headline panel-first-child panel-last-child\" data-index=\"0\" ><div\n\t\t\t\n\t\t\tclass=\"so-widget-sow-headline so-widget-sow-headline-default-3491c8836242-6\"\n\t\t\t\n\t\t><div class=\"sow-headline-container \">\n\t\t\t\t\t\t\t<h1 class=\"sow-headline\">\n\t\t\t\t\t\tWebdesign et cr\u00e9ation graphique \t\t\t\t\t\t<\/h1>\n\t\t\t\t\t\t\t\t\t\t\t<div class=\"decoration\">\n\t\t\t\t\t\t<div class=\"decoration-inside\"><\/div>\n\t\t\t\t\t<\/div>\n\t\t\t\t\t<\/div>\n<\/div><\/div><\/div><\/div><\/div><div id=\"pg-6-1\"  class=\"panel-grid panel-has-style\" ><div class=\"siteorigin-panels-stretch panel-row-style panel-row-style-for-6-1\" data-stretch-type=\"full\" ><div id=\"pgc-6-1-0\"  class=\"panel-grid-cell\" ><div class=\"panel-cell-style panel-cell-style-for-6-1-0\" ><div id=\"panel-6-1-0-0\" class=\"so-panel widget widget_sow-headline panel-first-child\" data-index=\"1\" ><div class=\"panel-widget-style panel-widget-style-for-6-1-0-0\" ><div\n\t\t\t\n\t\t\tclass=\"so-widget-sow-headline so-widget-sow-headline-default-d607cfc98dd6-6\"\n\t\t\t\n\t\t><div class=\"sow-headline-container \">\n\t\t\t\t\t\t\t<h2 class=\"sow-headline\">\n\t\t\t\t\t\tPourquoi faire appel \u00e0 une agence web et graphique ? \t\t\t\t\t\t<\/h2>\n\t\t\t\t\t\t<\/div>\n<\/div><\/div><\/div><div id=\"panel-6-1-0-1\" class=\"so-panel widget widget_siteorigin-panels-builder panel-last-child\" data-index=\"2\" ><div id=\"pl-w62c7ede816d14\"  class=\"panel-layout\" ><div id=\"pg-w62c7ede816d14-0\"  class=\"panel-grid panel-no-style\" ><div id=\"pgc-w62c7ede816d14-0-0\"  class=\"panel-grid-cell\" ><div id=\"panel-w62c7ede816d14-0-0-0\" class=\"so-panel widget widget_sow-image panel-first-child\" data-index=\"0\" ><div class=\"icone-ronde panel-widget-style panel-widget-style-for-w62c7ede816d14-0-0-0\" ><div\n\t\t\t\n\t\t\tclass=\"so-widget-sow-image so-widget-sow-image-default-c67d20f9f743\"\n\t\t\t\n\t\t>\n<div class=\"sow-image-container\">\n\t\t<img \n\tsrc=\"https:\/\/www.blabdesignfactory.it\/wp-content\/uploads\/2018\/12\/icon1.png\" width=\"80\" height=\"80\" sizes=\"(max-width: 80px) 100vw, 80px\" alt=\"\" \t\tclass=\"so-widget-image\"\/>\n\t<\/div>\n\n<\/div><\/div><\/div><div id=\"panel-w62c7ede816d14-0-0-1\" class=\"so-panel widget widget_sow-headline\" data-index=\"1\" ><div class=\"remove-margin-bottom panel-widget-style panel-widget-style-for-w62c7ede816d14-0-0-1\" ><div\n\t\t\t\n\t\t\tclass=\"so-widget-sow-headline so-widget-sow-headline-default-e607f87af46e\"\n\t\t\t\n\t\t><div class=\"sow-headline-container \">\n\t\t\t\t\t\t\t<h3 class=\"sow-headline\">\n\t\t\t\t\t\tDonner plus de visibilit\u00e9\t\t\t\t\t\t<\/h3>\n\t\t\t\t\t\t<\/div>\n<\/div><\/div><\/div><div id=\"panel-w62c7ede816d14-0-0-2\" class=\"so-panel widget widget_text panel-last-child\" data-index=\"2\" >\t\t\t<div class=\"textwidget\"><p>Se confier \u00e0 des professionnels, une agence web et graphique peut aider une entreprise \u00e0 avoir plus de visibilit\u00e9 sur internet.<\/p>\n<\/div>\n\t\t<\/div><\/div><div id=\"pgc-w62c7ede816d14-0-1\"  class=\"panel-grid-cell\" ><div id=\"panel-w62c7ede816d14-0-1-0\" class=\"so-panel widget widget_sow-image panel-first-child\" data-index=\"3\" ><div class=\"icone-ronde panel-widget-style panel-widget-style-for-w62c7ede816d14-0-1-0\" ><div\n\t\t\t\n\t\t\tclass=\"so-widget-sow-image so-widget-sow-image-default-c67d20f9f743\"\n\t\t\t\n\t\t>\n<div class=\"sow-image-container\">\n\t\t<img \n\tsrc=\"https:\/\/www.blabdesignfactory.it\/wp-content\/uploads\/2018\/12\/icon2.png\" width=\"80\" height=\"80\" sizes=\"(max-width: 80px) 100vw, 80px\" alt=\"\" \t\tclass=\"so-widget-image\"\/>\n\t<\/div>\n\n<\/div><\/div><\/div><div id=\"panel-w62c7ede816d14-0-1-1\" class=\"so-panel widget widget_sow-headline\" data-index=\"4\" ><div class=\"remove-margin-bottom panel-widget-style panel-widget-style-for-w62c7ede816d14-0-1-1\" ><div\n\t\t\t\n\t\t\tclass=\"so-widget-sow-headline so-widget-sow-headline-default-e607f87af46e\"\n\t\t\t\n\t\t><div class=\"sow-headline-container \">\n\t\t\t\t\t\t\t<h3 class=\"sow-headline\">\n\t\t\t\t\t\tCommunication\t\t\t\t\t\t<\/h3>\n\t\t\t\t\t\t<\/div>\n<\/div><\/div><\/div><div id=\"panel-w62c7ede816d14-0-1-2\" class=\"so-panel widget widget_text panel-last-child\" data-index=\"5\" >\t\t\t<div class=\"textwidget\"><p>Un site web est une interface que doit poss\u00e9der une entreprise pour communiquer clairement ses valeurs.<\/p>\n<\/div>\n\t\t<\/div><\/div><div id=\"pgc-w62c7ede816d14-0-2\"  class=\"panel-grid-cell\" ><div id=\"panel-w62c7ede816d14-0-2-0\" class=\"so-panel widget widget_sow-image panel-first-child\" data-index=\"6\" ><div class=\"icone-ronde panel-widget-style panel-widget-style-for-w62c7ede816d14-0-2-0\" ><div\n\t\t\t\n\t\t\tclass=\"so-widget-sow-image so-widget-sow-image-default-c67d20f9f743\"\n\t\t\t\n\t\t>\n<div class=\"sow-image-container\">\n\t\t<img \n\tsrc=\"https:\/\/www.blabdesignfactory.it\/wp-content\/uploads\/2018\/12\/icon3.png\" width=\"80\" height=\"80\" sizes=\"(max-width: 80px) 100vw, 80px\" alt=\"\" \t\tclass=\"so-widget-image\"\/>\n\t<\/div>\n\n<\/div><\/div><\/div><div id=\"panel-w62c7ede816d14-0-2-1\" class=\"so-panel widget widget_sow-headline\" data-index=\"7\" ><div class=\"remove-margin-bottom panel-widget-style panel-widget-style-for-w62c7ede816d14-0-2-1\" ><div\n\t\t\t\n\t\t\tclass=\"so-widget-sow-headline so-widget-sow-headline-default-e607f87af46e\"\n\t\t\t\n\t\t><div class=\"sow-headline-container \">\n\t\t\t\t\t\t\t<h3 class=\"sow-headline\">\n\t\t\t\t\t\tRespecter les standards du web\t\t\t\t\t\t<\/h3>\n\t\t\t\t\t\t<\/div>\n<\/div><\/div><\/div><div id=\"panel-w62c7ede816d14-0-2-2\" class=\"so-panel widget widget_text panel-last-child\" data-index=\"8\" >\t\t\t<div class=\"textwidget\"><p>Un site doit respecter les standards du web pour \u00eatre visible. Faire en sorte que cela arrive est le r\u00f4le d\u2019une agence Web.<\/p>\n<\/div>\n\t\t<\/div><\/div><div id=\"pgc-w62c7ede816d14-0-3\"  class=\"panel-grid-cell\" ><div id=\"panel-w62c7ede816d14-0-3-0\" class=\"so-panel widget widget_sow-image panel-first-child\" data-index=\"9\" ><div class=\"icone-ronde panel-widget-style panel-widget-style-for-w62c7ede816d14-0-3-0\" ><div\n\t\t\t\n\t\t\tclass=\"so-widget-sow-image so-widget-sow-image-default-c67d20f9f743\"\n\t\t\t\n\t\t>\n<div class=\"sow-image-container\">\n\t\t<img \n\tsrc=\"https:\/\/www.blabdesignfactory.it\/wp-content\/uploads\/2018\/12\/icon4.png\" width=\"80\" height=\"80\" sizes=\"(max-width: 80px) 100vw, 80px\" alt=\"\" \t\tclass=\"so-widget-image\"\/>\n\t<\/div>\n\n<\/div><\/div><\/div><div id=\"panel-w62c7ede816d14-0-3-1\" class=\"so-panel widget widget_sow-headline\" data-index=\"10\" ><div class=\"remove-margin-bottom panel-widget-style panel-widget-style-for-w62c7ede816d14-0-3-1\" ><div\n\t\t\t\n\t\t\tclass=\"so-widget-sow-headline so-widget-sow-headline-default-e607f87af46e\"\n\t\t\t\n\t\t><div class=\"sow-headline-container \">\n\t\t\t\t\t\t\t<h3 class=\"sow-headline\">\n\t\t\t\t\t\tUn design attractif\t\t\t\t\t\t<\/h3>\n\t\t\t\t\t\t<\/div>\n<\/div><\/div><\/div><div id=\"panel-w62c7ede816d14-0-3-2\" class=\"so-panel widget widget_text panel-last-child\" data-index=\"11\" >\t\t\t<div class=\"textwidget\"><p>Le r\u00e9f\u00e9rencement SEO et la cr\u00e9ation d&rsquo;un site web dot\u00e9 d&rsquo;un design attractif fait \u00e9galement partie des t\u00e2ches d\u2019une agence web.<\/p>\n<\/div>\n\t\t<\/div><\/div><\/div><\/div><\/div><\/div><\/div><\/div><\/div><div id=\"pg-6-2\"  class=\"panel-grid panel-has-style\" ><div class=\"siteorigin-panels-stretch panel-row-style panel-row-style-for-6-2\" data-stretch-type=\"full\" ><div id=\"pgc-6-2-0\"  class=\"panel-grid-cell\" ><div id=\"panel-6-2-0-0\" class=\"so-panel widget widget_sow-headline panel-first-child panel-last-child\" data-index=\"3\" ><div class=\"remove-margin-bottom panel-widget-style panel-widget-style-for-6-2-0-0\" ><div\n\t\t\t\n\t\t\tclass=\"so-widget-sow-headline so-widget-sow-headline-default-7ee791bc7ff6-6\"\n\t\t\t\n\t\t><div class=\"sow-headline-container \">\n\t\t\t\t\t\t\t<h2 class=\"sow-headline\">\n\t\t\t\t\t\tConception d\u2019un site vitrine \t\t\t\t\t\t<\/h2>\n\t\t\t\t\t\t<\/div>\n<\/div><\/div><\/div><\/div><\/div><\/div><div id=\"pg-6-3\"  class=\"panel-grid panel-has-style\" ><div class=\"siteorigin-panels-stretch panel-row-style panel-row-style-for-6-3\" data-stretch-type=\"full\" ><div id=\"pgc-6-3-0\"  class=\"panel-grid-cell\" ><div id=\"panel-6-3-0-0\" class=\"so-panel widget widget_media_image panel-first-child panel-last-child\" data-index=\"4\" ><div class=\"text-center remove-margin-bottom panel-widget-style panel-widget-style-for-6-3-0-0\" ><img loading=\"lazy\" decoding=\"async\" width=\"436\" height=\"340\" src=\"https:\/\/www.blabdesignfactory.it\/wp-content\/uploads\/2018\/12\/img-2.png\" class=\"image wp-image-170  attachment-full size-full\" alt=\"\" style=\"max-width: 100%; height: auto;\" srcset=\"https:\/\/www.blabdesignfactory.it\/wp-content\/uploads\/2018\/12\/img-2.png 436w, https:\/\/www.blabdesignfactory.it\/wp-content\/uploads\/2018\/12\/img-2-300x234.png 300w\" sizes=\"auto, (max-width: 436px) 100vw, 436px\" \/><\/div><\/div><\/div><div id=\"pgc-6-3-1\"  class=\"panel-grid-cell\" ><div id=\"panel-6-3-1-0\" class=\"so-panel widget widget_text panel-first-child panel-last-child\" data-index=\"5\" ><div class=\"remove-margin-bottom panel-widget-style panel-widget-style-for-6-3-1-0\" >\t\t\t<div class=\"textwidget\"><h2>Un site vitrine, un atout pour l\u2019entreprise<\/h2>\n<p>Un site internet vitrine se compose normalement d\u2019une ou plusieurs pages plus ou moins \u00e9volu\u00e9e, notamment des textes et images, \u00e0 travers lesquelles l\u2019entreprise d\u00e9crit son activit\u00e9, sa situation et ses prestations. Cr\u00e9er son site internet ou sa \u00ab vitrine \u00bb constitue une premi\u00e8re \u00e9tape pour sa visibilit\u00e9 sur le web.<\/p>\n<\/div>\n\t\t<\/div><\/div><\/div><\/div><\/div><div id=\"pg-6-4\"  class=\"panel-grid panel-has-style\" ><div class=\"siteorigin-panels-stretch panel-row-style panel-row-style-for-6-4\" data-stretch-type=\"full\" ><div id=\"pgc-6-4-0\"  class=\"panel-grid-cell\" ><div id=\"panel-6-4-0-0\" class=\"so-panel widget widget_text panel-first-child panel-last-child\" data-index=\"6\" ><div class=\"remove-margin-bottom panel-widget-style panel-widget-style-for-6-4-0-0\" >\t\t\t<div class=\"textwidget\"><h2>Doit-on avoir recours \u00e0 une agence web\u00a0?<\/h2>\n<p>Il n\u2019est pas obligatoire d\u2019avoir recours \u00e0 une agence web pour mettre au point un site vitrine. Cependant, une agence web et graphique est la meilleure solution pour avoir de bons conseils. Elle est \u00e9galement dot\u00e9 d\u2019un bon savoir faire et d\u2019exp\u00e9riences pour mener \u00e0 bien le projet.<\/p>\n<\/div>\n\t\t<\/div><\/div><\/div><div id=\"pgc-6-4-1\"  class=\"panel-grid-cell\" ><div id=\"panel-6-4-1-0\" class=\"so-panel widget widget_media_image panel-first-child panel-last-child\" data-index=\"7\" ><div class=\"text-center remove-margin-bottom panel-widget-style panel-widget-style-for-6-4-1-0\" ><img loading=\"lazy\" decoding=\"async\" width=\"436\" height=\"340\" src=\"https:\/\/www.blabdesignfactory.it\/wp-content\/uploads\/2018\/12\/img-1a.png\" class=\"image wp-image-165  attachment-full size-full\" alt=\"\" style=\"max-width: 100%; height: auto;\" srcset=\"https:\/\/www.blabdesignfactory.it\/wp-content\/uploads\/2018\/12\/img-1a.png 436w, https:\/\/www.blabdesignfactory.it\/wp-content\/uploads\/2018\/12\/img-1a-300x234.png 300w\" sizes=\"auto, (max-width: 436px) 100vw, 436px\" \/><\/div><\/div><\/div><\/div><\/div><div id=\"pg-6-5\"  class=\"panel-grid panel-has-style\" ><div class=\"siteorigin-panels-stretch panel-row-style panel-row-style-for-6-5\" data-stretch-type=\"full\" ><div id=\"pgc-6-5-0\"  class=\"panel-grid-cell\" ><div id=\"panel-6-5-0-0\" class=\"so-panel widget widget_sow-headline panel-first-child\" data-index=\"8\" ><div class=\"remove-margin-bottom panel-widget-style panel-widget-style-for-6-5-0-0\" ><div\n\t\t\t\n\t\t\tclass=\"so-widget-sow-headline so-widget-sow-headline-default-603fea23cad8-6\"\n\t\t\t\n\t\t><div class=\"sow-headline-container \">\n\t\t\t\t\t\t\t<h3 class=\"sow-headline\">\n\t\t\t\t\t\tUne identit\u00e9 visuelle pour la promotion de l\u2019entreprise \t\t\t\t\t\t<\/h3>\n\t\t\t\t\t\t<\/div>\n<\/div><\/div><\/div><div id=\"panel-6-5-0-1\" class=\"so-panel widget widget_siteorigin-panels-builder panel-last-child\" data-index=\"9\" ><div id=\"pl-w5c0a91f93d677\"  class=\"panel-layout\" ><div id=\"pg-w5c0a91f93d677-0\"  class=\"panel-grid panel-has-style\" ><div class=\"siteorigin-panels-stretch panel-row-style panel-row-style-for-w5c0a91f93d677-0\" data-stretch-type=\"full\" ><div id=\"pgc-w5c0a91f93d677-0-0\"  class=\"panel-grid-cell\" ><div id=\"panel-w5c0a91f93d677-0-0-0\" class=\"so-panel widget widget_service-box panel-first-child panel-last-child\" data-index=\"0\" ><div class=\"text-center panel-widget-style panel-widget-style-for-w5c0a91f93d677-0-0-0\" ><div\n\t\t\t\n\t\t\tclass=\"so-widget-service-box so-widget-service-box-service-box-style-7cbdd1b007f8\"\n\t\t\t\n\t\t>\r\n\r\n\r\n    <div class=\"service_top clearfix top\">\r\n                    <div class=\"icon_image\">\r\n                <img decoding=\"async\" src=\" https:\/\/www.blabdesignfactory.it\/wp-content\/uploads\/2018\/12\/img-icon1b.png\" alt=\"\" style=\"width: 120px;\"\/>\r\n            <\/div>\r\n                <div class=\"content\">\r\n            <h3>Un \u00e9l\u00e9ment attractif<\/h3>\r\n            <p>Une identit\u00e9 visuelle a pour but d\u2019attirer et de retenir l\u2019attention du client, elle se doit alors d\u2019\u00eatre attractive.<\/p>\n            <div class=\"clearfix\"><\/div>\r\n                    <\/div>\r\n    <\/div>\r\n\r\n<\/div><\/div><\/div><\/div><div id=\"pgc-w5c0a91f93d677-0-1\"  class=\"panel-grid-cell\" ><div id=\"panel-w5c0a91f93d677-0-1-0\" class=\"so-panel widget widget_service-box panel-first-child panel-last-child\" data-index=\"1\" ><div\n\t\t\t\n\t\t\tclass=\"so-widget-service-box so-widget-service-box-service-box-style-7cbdd1b007f8\"\n\t\t\t\n\t\t>\r\n\r\n\r\n    <div class=\"service_top clearfix top\">\r\n                    <div class=\"icon_image\">\r\n                <img decoding=\"async\" src=\" https:\/\/www.blabdesignfactory.it\/wp-content\/uploads\/2018\/12\/img-icon2b.png\" alt=\"\" style=\"width: 120px;\"\/>\r\n            <\/div>\r\n                <div class=\"content\">\r\n            <h3>La notori\u00e9t\u00e9 de l\u2019entreprise <\/h3>\r\n            <p>Les valeurs de l\u2019entreprise passent en premier lieu \u00e0 travers cette identit\u00e9 virtuelle.<\/p>\n            <div class=\"clearfix\"><\/div>\r\n                    <\/div>\r\n    <\/div>\r\n\r\n<\/div><\/div><\/div><div id=\"pgc-w5c0a91f93d677-0-2\"  class=\"panel-grid-cell\" ><div id=\"panel-w5c0a91f93d677-0-2-0\" class=\"so-panel widget widget_service-box panel-first-child panel-last-child\" data-index=\"2\" ><div\n\t\t\t\n\t\t\tclass=\"so-widget-service-box so-widget-service-box-service-box-style-7cbdd1b007f8\"\n\t\t\t\n\t\t>\r\n\r\n\r\n    <div class=\"service_top clearfix top\">\r\n                    <div class=\"icon_image\">\r\n                <img decoding=\"async\" src=\" https:\/\/www.blabdesignfactory.it\/wp-content\/uploads\/2018\/12\/img-icon3b.png\" alt=\"\" style=\"width: 120px;\"\/>\r\n            <\/div>\r\n                <div class=\"content\">\r\n            <h3>Confirmer la cr\u00e9dibilit\u00e9 <\/h3>\r\n            <p>Une entreprise cr\u00e9dible attire les partenaires commerciaux qui pourront augmenter son chiffre d\u2019affaire.<\/p>\n            <div class=\"clearfix\"><\/div>\r\n                    <\/div>\r\n    <\/div>\r\n\r\n<\/div><\/div><\/div><\/div><\/div><\/div><\/div><\/div><\/div><\/div><div id=\"pg-6-6\"  class=\"panel-grid panel-has-style\" ><div class=\"panel-row-style panel-row-style-for-6-6\" ><div id=\"pgc-6-6-0\"  class=\"panel-grid-cell\" ><div id=\"panel-6-6-0-0\" class=\"so-panel widget widget_sow-headline panel-first-child\" data-index=\"10\" ><div class=\"remove-margin-bottom panel-widget-style panel-widget-style-for-6-6-0-0\" ><div\n\t\t\t\n\t\t\tclass=\"so-widget-sow-headline so-widget-sow-headline-default-603fea23cad8-6\"\n\t\t\t\n\t\t><div class=\"sow-headline-container \">\n\t\t\t\t\t\t\t<h3 class=\"sow-headline\">\n\t\t\t\t\t\tNos r\u00e9alisations\t\t\t\t\t\t<\/h3>\n\t\t\t\t\t\t<\/div>\n<\/div><\/div><\/div><div id=\"panel-6-6-0-1\" class=\"so-panel widget widget_factory_carousel panel-last-child\" data-index=\"11\" ><div\n\t\t\t\n\t\t\tclass=\"so-widget-factory_carousel so-widget-factory_carousel-factory-carousel-def-style-d75171398898-6\"\n\t\t\t\n\t\t>\r\n<link rel=\"stylesheet\" href=\"https:\/\/cdnjs.cloudflare.com\/ajax\/libs\/OwlCarousel2\/2.3.4\/assets\/owl.carousel.min.css\" \/>\r\n<link rel=\"stylesheet\" href=\"https:\/\/cdnjs.cloudflare.com\/ajax\/libs\/OwlCarousel2\/2.3.4\/assets\/owl.theme.default.min.css\" \/>\r\n<style type=\"text\/css\">\r\n.owl-carousel .owl-item .element{\r\n\tpadding: 0 10px;\r\n}\r\n.owl-theme .owl-controls .owl-page {\r\n    display: inline-block;\r\n}\r\n.owl-pagination{\r\n    position: absolute;\r\n    text-align: center;\r\n    width: 100%;\r\n    bottom: -40px;\r\n}\r\n    \r\n<\/style>\r\n<div class=\"owl-carousel owl-theme\" id=\"\">\r\n<div class=\"text-center item element\">\r\n<img loading=\"lazy\" decoding=\"async\" width=\"350\" height=\"400\" src=\"https:\/\/www.blabdesignfactory.it\/wp-content\/uploads\/2022\/07\/actu-beaute-com.jpg\" class=\"attachment-full size-full\" alt=\"\" srcset=\"https:\/\/www.blabdesignfactory.it\/wp-content\/uploads\/2022\/07\/actu-beaute-com.jpg 350w, https:\/\/www.blabdesignfactory.it\/wp-content\/uploads\/2022\/07\/actu-beaute-com-263x300.jpg 263w\" sizes=\"auto, (max-width: 350px) 100vw, 350px\" \/><a href=\"https:\/\/www.actu-beaute.com\/\" target='_blank' >\r\n<div class=\"carousel-content center\"> \r\n<div class='title'>www.actu-beaute.com<\/div><\/div>\r\n<\/a><\/div>\r\n<div class=\"text-center item element\">\r\n<img loading=\"lazy\" decoding=\"async\" width=\"350\" height=\"400\" src=\"https:\/\/www.blabdesignfactory.it\/wp-content\/uploads\/2022\/07\/articles-de-cuisine-fr.jpg\" class=\"attachment-full size-full\" alt=\"\" srcset=\"https:\/\/www.blabdesignfactory.it\/wp-content\/uploads\/2022\/07\/articles-de-cuisine-fr.jpg 350w, https:\/\/www.blabdesignfactory.it\/wp-content\/uploads\/2022\/07\/articles-de-cuisine-fr-263x300.jpg 263w\" sizes=\"auto, (max-width: 350px) 100vw, 350px\" \/><a href=\"https:\/\/www.articles-de-cuisine.fr\/\" target='_blank' >\r\n<div class=\"carousel-content center\"> \r\n<div class='title'>www.articles-de-cuisine.fr<\/div><\/div>\r\n<\/a><\/div>\r\n<div class=\"text-center item element\">\r\n<img loading=\"lazy\" decoding=\"async\" width=\"350\" height=\"400\" src=\"https:\/\/www.blabdesignfactory.it\/wp-content\/uploads\/2022\/07\/capture1.jpg\" class=\"attachment-full size-full\" alt=\"\" srcset=\"https:\/\/www.blabdesignfactory.it\/wp-content\/uploads\/2022\/07\/capture1.jpg 350w, https:\/\/www.blabdesignfactory.it\/wp-content\/uploads\/2022\/07\/capture1-263x300.jpg 263w\" sizes=\"auto, (max-width: 350px) 100vw, 350px\" \/><a href=\"https:\/\/www.manucure-beaut\u00e9.com\/\" target='_blank' >\r\n<div class=\"carousel-content center\"> \r\n<div class='title'>www.manucure-beaut\u00e9.com<\/div><\/div>\r\n<\/a><\/div>\r\n<div class=\"text-center item element\">\r\n<img loading=\"lazy\" decoding=\"async\" width=\"350\" height=\"400\" src=\"https:\/\/www.blabdesignfactory.it\/wp-content\/uploads\/2022\/07\/capture2.jpg\" class=\"attachment-full size-full\" alt=\"\" srcset=\"https:\/\/www.blabdesignfactory.it\/wp-content\/uploads\/2022\/07\/capture2.jpg 350w, https:\/\/www.blabdesignfactory.it\/wp-content\/uploads\/2022\/07\/capture2-263x300.jpg 263w\" sizes=\"auto, (max-width: 350px) 100vw, 350px\" \/><a href=\"https:\/\/www.beaute-homme.com\/\" target='_blank' >\r\n<div class=\"carousel-content center\"> \r\n<div class='title'>www.beaute-homme.com<\/div><\/div>\r\n<\/a><\/div>\r\n<\/div>\r\n<script src=\"https:\/\/cdnjs.cloudflare.com\/ajax\/libs\/OwlCarousel2\/2.3.4\/owl.carousel.min.js\"><\/script>\r\n<script type=\"text\/javascript\">\r\n$ = jQuery;\r\n$(document).ready(function(){\r\n$(\".owl-carousel\").owlCarousel({\r\ndots:true,\r\nmargin: 10,\r\nitems:4,\r\nautoplay: true,\r\nautoWidth: false})\r\n});\r\n<\/script><\/div><\/div><\/div><\/div><\/div><div id=\"pg-6-7\"  class=\"panel-grid panel-has-style\" ><div class=\"siteorigin-panels-stretch panel-row-style panel-row-style-for-6-7\" data-stretch-type=\"full\" ><div id=\"pgc-6-7-0\"  class=\"panel-grid-cell\" ><div id=\"panel-6-7-0-0\" class=\"so-panel widget widget_sow-headline panel-first-child panel-last-child\" data-index=\"12\" ><div class=\"remove-margin-bottom panel-widget-style panel-widget-style-for-6-7-0-0\" ><div\n\t\t\t\n\t\t\tclass=\"so-widget-sow-headline so-widget-sow-headline-default-9dc7f3c72dbd-6\"\n\t\t\t\n\t\t><div class=\"sow-headline-container \">\n\t\t\t\t\t\t\t<h3 class=\"sow-headline\">\n\t\t\t\t\t\tUne identit\u00e9 visuelle pour se personnaliser \t\t\t\t\t\t<\/h3>\n\t\t\t\t\t\t<\/div>\n<\/div><\/div><\/div><\/div><div id=\"pgc-6-7-1\"  class=\"panel-grid-cell\" ><div id=\"panel-6-7-1-0\" class=\"so-panel widget widget_text panel-first-child panel-last-child\" data-index=\"13\" ><div class=\"remove-margin-bottom panel-widget-style panel-widget-style-for-6-7-1-0\" >\t\t\t<div class=\"textwidget\"><p>Une identit\u00e9 visuelle n\u2019est autre qu\u2019un ensemble d\u2019\u00e9l\u00e9ments graphiques qui permet d\u2019identifier une entreprise. Le \u00a0nom ou la marque, la griffe, la typographie, le logotype, la couleur, l\u2019embl\u00e8me, ainsi que des pictogrammes, sont les \u00e9l\u00e9ments graphiques qui la constituent.<\/p>\n<\/div>\n\t\t<\/div><\/div><\/div><\/div><\/div><\/div>","protected":false},"excerpt":{"rendered":"<p>Webdesign et cr\u00e9ation graphique Pourquoi faire appel \u00e0 une agence web et graphique ? Donner plus de visibilit\u00e9 Se confier \u00e0 des professionnels, une agence web et graphique peut aider une entreprise \u00e0 avoir plus de visibilit\u00e9 sur internet. Communication&#8230;<\/p>\n","protected":false},"author":1,"featured_media":0,"parent":0,"menu_order":0,"comment_status":"closed","ping_status":"closed","template":"","meta":{"footnotes":""},"class_list":["post-6","page","type-page","status-publish","hentry"],"_links":{"self":[{"href":"https:\/\/www.blabdesignfactory.it\/fr\/wp-json\/wp\/v2\/pages\/6","targetHints":{"allow":["GET"]}}],"collection":[{"href":"https:\/\/www.blabdesignfactory.it\/fr\/wp-json\/wp\/v2\/pages"}],"about":[{"href":"https:\/\/www.blabdesignfactory.it\/fr\/wp-json\/wp\/v2\/types\/page"}],"author":[{"embeddable":true,"href":"https:\/\/www.blabdesignfactory.it\/fr\/wp-json\/wp\/v2\/users\/1"}],"replies":[{"embeddable":true,"href":"https:\/\/www.blabdesignfactory.it\/fr\/wp-json\/wp\/v2\/comments?post=6"}],"version-history":[{"count":66,"href":"https:\/\/www.blabdesignfactory.it\/fr\/wp-json\/wp\/v2\/pages\/6\/revisions"}],"predecessor-version":[{"id":322,"href":"https:\/\/www.blabdesignfactory.it\/fr\/wp-json\/wp\/v2\/pages\/6\/revisions\/322"}],"wp:attachment":[{"href":"https:\/\/www.blabdesignfactory.it\/fr\/wp-json\/wp\/v2\/media?parent=6"}],"curies":[{"name":"wp","href":"https:\/\/api.w.org\/{rel}","templated":true}]}}